{"id":1272,"date":"2022-06-07T11:09:54","date_gmt":"2022-06-07T09:09:54","guid":{"rendered":"https:\/\/sempreverd.net\/siempreverde\/"},"modified":"2025-12-03T11:06:18","modified_gmt":"2025-12-03T10:06:18","slug":"siempreverde","status":"publish","type":"page","link":"https:\/\/sempreverd.net\/es\/","title":{"rendered":"Sempreverd"},"content":{"rendered":"\t\t<div data-elementor-type=\"wp-page\" data-elementor-id=\"1272\" class=\"elementor elementor-1272 elementor-912\" data-elementor-post-type=\"page\">\n\t\t\t\t\t\t<section class=\"elementor-section elementor-top-section elementor-element elementor-element-7c4e337 elementor-section-full_width elementor-section-height-default elementor-section-height-default\" data-id=\"7c4e337\" data-element_type=\"section\">\n\t\t\t\t\t\t<div class=\"elementor-container elementor-column-gap-default\">\n\t\t\t\t\t<div class=\"elementor-column elementor-col-100 elementor-top-column elementor-element elementor-element-a5e0d90\" data-id=\"a5e0d90\" data-element_type=\"column\">\n\t\t\t<div class=\"elementor-widget-wrap elementor-element-populated\">\n\t\t\t\t\t\t<div class=\"elementor-element elementor-element-be949ec elementor-widget elementor-widget-gardencare_slider_v2\" data-id=\"be949ec\" data-element_type=\"widget\" data-widget_type=\"gardencare_slider_v2.default\">\n\t\t\t\t<div class=\"elementor-widget-container\">\n\t\t\t\t\t\t\t\n        \n       \n       <section class=\"banner-section s-two\">\n        <div class=\"banner-carousel owl-theme owl-carousel owl-dot-style-one\">\n                        <div class=\"slide-item\">\n                 <div class=\"image-layer\" style=\"background-image:url(https:\/\/sempreverd.net\/wp-content\/uploads\/2025\/10\/Home-2-1.webp)\"><\/div>                <div class=\"auto-container\">\n                    <div class=\"content-box\">\n\t\t\t\t\t\t <h1>A\u00f1os de experiencia y<br><span>jardineros cualificados<\/span><\/h1>                          <div class=\"banner-1-desc\">Combinamos profesionalidad, creatividad y t\u00e9cnicas ecol\u00f3gicas para transformar\n<br>\nespacios exteriores en entornos verdes que inspiran, conectan y respetan el medio.<\/div>                                                 <div class=\"btn-box\">\n                            <a href=\"https:\/\/sempreverd.net\/es\/nosotros\/\" class=\"btn-1 s-two\">Sobre nosotros  <i class=\"icon-right-arrow-circular-button-outline\"><\/i><span><\/span><\/a>\n                        <\/div>\n                                            <\/div>  \n                <\/div>\n            <\/div>\n                        <div class=\"slide-item\">\n                 <div class=\"image-layer\" style=\"background-image:url(https:\/\/sempreverd.net\/wp-content\/uploads\/2025\/10\/Home-1.webp)\"><\/div>                <div class=\"auto-container\">\n                    <div class=\"content-box\">\n\t\t\t\t\t\t <h1>Jardiner\u00eda sostenible<br>en el <span>Maresme<\/span><\/h1>                          <div class=\"banner-1-desc\">Transformamos tu espacio exterior en un oasis verde con dise\u00f1os\n<br>\npersonalizados y plantas mediterr\u00e1neas adaptadas a nuestro clima.<\/div>                                                 <div class=\"btn-box\">\n                            <a href=\"https:\/\/sempreverd.net\/es\/servicios\/\" class=\"btn-1 s-two\">Todos los servicios  <i class=\"icon-right-arrow-circular-button-outline\"><\/i><span><\/span><\/a>\n                        <\/div>\n                                            <\/div>  \n                <\/div>\n            <\/div>\n                    <\/div>\n    <\/section>\n       \n       \n        \t\t\t\t<\/div>\n\t\t\t\t<\/div>\n\t\t\t\t\t<\/div>\n\t\t<\/div>\n\t\t\t\t\t<\/div>\n\t\t<\/section>\n\t\t\t\t<section class=\"elementor-section elementor-top-section elementor-element elementor-element-6a3fb9d elementor-section-full_width elementor-section-height-default elementor-section-height-default\" data-id=\"6a3fb9d\" data-element_type=\"section\">\n\t\t\t\t\t\t<div class=\"elementor-container elementor-column-gap-default\">\n\t\t\t\t\t<div class=\"elementor-column elementor-col-100 elementor-top-column elementor-element elementor-element-19f5b7a\" data-id=\"19f5b7a\" data-element_type=\"column\">\n\t\t\t<div class=\"elementor-widget-wrap elementor-element-populated\">\n\t\t\t\t\t\t<div class=\"elementor-element elementor-element-5b0dfc5 elementor-widget elementor-widget-gardencare_our_services_v3\" data-id=\"5b0dfc5\" data-element_type=\"widget\" data-widget_type=\"gardencare_our_services_v3.default\">\n\t\t\t\t<div class=\"elementor-widget-container\">\n\t\t\t\t\t\t\t\n     <section class=\"service-1-section s-two\">\n\t\t<div class=\"service-1-bg s-two\"><\/div>\n        <div class=\"service-1-shape\"><img decoding=\"async\" src=\"https:\/\/sempreverd.net\/wp-content\/themes\/gardencarenew\/assets\/images\/shape\/shape-3.jpg\" alt=\"\"><\/div>\n\t\t<div class=\"auto-container\">\n\t\t\t            <div class=\"text-center\">\n                <div class=\"service-1-text\">Bienvenidos a SempreVerd<\/div>                <h2 class=\"service-1-text-2\">Servicios integrales en dise\u00f1o, creaci\u00f3n y mantenimiento<\/h2>                <h3 class=\"service-1-text-3\">Tanto para particulares, empresas y comunidades de vecinos<\/h3>            <\/div>\n            \t\t\t<div class=\"service-1-carousel owl-theme owl-carousel owl-dot-style-one\" data-options='{\"loop\": true, \"center\": false, \"margin\": 30, \"autoheight\":true, \"lazyload\":true, \"nav\": false, \"mouseDrag\": false, \"dots\": false, \"autoplay\": true, \"autoplayTimeout\": 6000, \"smartSpeed\": 2000, \"responsive\":{ \"0\" :{ \"items\": \"1\" }, \"480\" :{ \"items\" : \"1\" }, \"600\" :{ \"items\" : \"2\" }, \"768\" :{ \"items\" : \"2\" } , \"992\":{ \"items\" : \"3\" }, \"1200\":{ \"items\" : \"4\" }}}'>\n\t\t\t\t                <div class=\"service-1-carousel-item\">\n\t\t\t\t\t<div class=\"service-1-block\">\n\t\t\t\t\t\t\t\t\t\t\t\t<div class=\"service-1-content\">\n\t\t\t\t\t\t\t<h4 class=\"service-1-title\">Dise\u00f1o y creaci\u00f3n<\/h4>\n\t\t\t\t\t\t\t<div class=\"service-1-desc\">Planificaci\u00f3n del jard\u00edn, instalaci\u00f3n de caminos, estructuras, zonas ajardinadas<\/div>\n\t\t\t\t\t\t\t<span class=\"service-1-border\"><\/span>\n\t\t\t\t\t\t<\/div>\n\t\t\t\t\t<\/div>\n\t\t\t\t<\/div>\n\t\t\t\t                <div class=\"service-1-carousel-item\">\n\t\t\t\t\t<div class=\"service-1-block\">\n\t\t\t\t\t\t\t\t\t\t\t\t<div class=\"service-1-content\">\n\t\t\t\t\t\t\t<h4 class=\"service-1-title\">Mantenimiento<\/h4>\n\t\t\t\t\t\t\t<div class=\"service-1-desc\">Poda, abonado, tratamientos naturales, limpieza estacional<\/div>\n\t\t\t\t\t\t\t<span class=\"service-1-border\"><\/span>\n\t\t\t\t\t\t<\/div>\n\t\t\t\t\t<\/div>\n\t\t\t\t<\/div>\n\t\t\t\t                <div class=\"service-1-carousel-item\">\n\t\t\t\t\t<div class=\"service-1-block\">\n\t\t\t\t\t\t\t\t\t\t\t\t<div class=\"service-1-content\">\n\t\t\t\t\t\t\t<h4 class=\"service-1-title\">Sistemas de riego<\/h4>\n\t\t\t\t\t\t\t<div class=\"service-1-desc\">Instalaci\u00f3n, revisi\u00f3n y mantenimiento de sistemas de riego autom\u00e1ticos<\/div>\n\t\t\t\t\t\t\t<span class=\"service-1-border\"><\/span>\n\t\t\t\t\t\t<\/div>\n\t\t\t\t\t<\/div>\n\t\t\t\t<\/div>\n\t\t\t\t                <div class=\"service-1-carousel-item\">\n\t\t\t\t\t<div class=\"service-1-block\">\n\t\t\t\t\t\t\t\t\t\t\t\t<div class=\"service-1-content\">\n\t\t\t\t\t\t\t<h4 class=\"service-1-title\">Soluciones complementarias<\/h4>\n\t\t\t\t\t\t\t<div class=\"service-1-desc\">Iluminaci\u00f3n, muros vegetales y cubiertas verdes, decoraci\u00f3n&#8230;<\/div>\n\t\t\t\t\t\t\t<span class=\"service-1-border\"><\/span>\n\t\t\t\t\t\t<\/div>\n\t\t\t\t\t<\/div>\n\t\t\t\t<\/div>\n\t\t\t\t                <div class=\"service-1-carousel-item\">\n\t\t\t\t\t<div class=\"service-1-block\">\n\t\t\t\t\t\t\t\t\t\t\t\t<div class=\"service-1-content\">\n\t\t\t\t\t\t\t<h4 class=\"service-1-title\">Servicios para empresas y comunidades de vecinos<\/h4>\n\t\t\t\t\t\t\t<div class=\"service-1-desc\">Zonas verdes compartidas, parques peque\u00f1os, rehabilitaci\u00f3n<\/div>\n\t\t\t\t\t\t\t<span class=\"service-1-border\"><\/span>\n\t\t\t\t\t\t<\/div>\n\t\t\t\t\t<\/div>\n\t\t\t\t<\/div>\n\t\t\t\t\t\t\t<\/div>\n\t\t\t<div class=\"service-1-carousel-btn s-two\">\n\t\t\t\t<span class=\"service-1-border-shape-left\"><\/span>\n\t\t\t\t<span class=\"service-1-carousel-left-btn s-two\"><i class=\"fa fa-angle-left\"><\/i><\/span>\n\t\t\t\t<span class=\"service-1-carousel-right-btn s-two\"><i class=\"fa fa-angle-right\"><\/i><\/span>\n\t\t\t\t<span class=\"service-1-border-shape-right\"><\/span>\n\t\t\t<\/div>\n\t\t\t<div class=\"row\">\n                \t\t\t\t                <div class=\"col-lg-3 col-md-6\">\n\t\t\t\t\t<div class=\"service-1-text-5\"><\/div>\n\t\t\t\t<\/div>\n\t\t\t\t\t\t\t<\/div>\n\t\t<\/div>\n\t<\/section>\n \n        \t\t\t\t<\/div>\n\t\t\t\t<\/div>\n\t\t\t\t\t<\/div>\n\t\t<\/div>\n\t\t\t\t\t<\/div>\n\t\t<\/section>\n\t\t\t\t<section class=\"elementor-section elementor-top-section elementor-element elementor-element-23dd879 elementor-section-full_width elementor-section-height-default elementor-section-height-default\" data-id=\"23dd879\" data-element_type=\"section\" data-settings=\"{&quot;background_background&quot;:&quot;classic&quot;}\">\n\t\t\t\t\t\t<div class=\"elementor-container elementor-column-gap-default\">\n\t\t\t\t\t<div class=\"elementor-column elementor-col-100 elementor-top-column elementor-element elementor-element-3dbcdc9\" data-id=\"3dbcdc9\" data-element_type=\"column\">\n\t\t\t<div class=\"elementor-widget-wrap elementor-element-populated\">\n\t\t\t\t\t\t<div class=\"elementor-element elementor-element-9cdd9d0 elementor-widget elementor-widget-gardencare_about_us_v3\" data-id=\"9cdd9d0\" data-element_type=\"widget\" data-widget_type=\"gardencare_about_us_v3.default\">\n\t\t\t\t<div class=\"elementor-widget-container\">\n\t\t\t\t\t\t\t\n     <section class=\"about-2-section\">\n\t\t<div class=\"auto-container\">\n\t\t\t<div class=\"row\">\n\t\t\t\t<div class=\"col-lg-6\">\n\t\t\t\t\t<div class=\"about-2-image-wrap\">\n                    \t\t\t\t\t\t\t<div class=\"about-2-image\"><img decoding=\"async\" src=\"https:\/\/sempreverd.net\/wp-content\/uploads\/2025\/10\/Especialistes-en-jardineria-sostenible-al-Maresme.webp\" alt=\"Awesome Image\"><\/div>\n\t\t\t\t\t\t                                                <div class=\"about-2-text\">\n\t\t\t\t\t\t\t<div class=\"count-outer count-box\">\n\t\t\t\t\t\t\t\t<span class=\"about-2-count-text count-text\" data-speed=\"3000\" data-stop=\"10\">0<\/span><span class=\"about-2-count-text-suffix\">+<\/span>\n\t\t\t\t\t\t\t<\/div>\n\t\t\t\t\t\t\t<div class=\"about-2-counter-title\">a\u00f1os de experiencia<\/div>\n\t\t\t\t\t\t<\/div>\n                                                \t\t\t\t\t\t<div class=\"about-2-image-two\"><img decoding=\"async\" src=\"https:\/\/sempreverd.net\/wp-content\/uploads\/2022\/06\/image-1.png\" alt=\"Awesome Image\"><\/div>\n\t\t\t\t\t\t                    <\/div>\n\t\t\t\t<\/div>\n\t\t\t\t<div class=\"col-lg-6\">\n\t\t\t\t\t<div class=\"about-2-content-wrap\">\n\t\t\t\t\t\t                        <div class=\"sec-title-area\">\n\t\t\t\t\t\t\t<div class=\"sub-title\">Sobre nosotros<\/div>\t\t\t\t\t\t\t<h2 class=\"sec-title\">Especialistas en jardiner\u00eda sostenible en el Maresme.<\/h2>\t\t\t\t\t\t<\/div>\n                        \t\t\t\t\t\t<div class=\"about-2-text-2\">Somos un equipo de profesionales apasionados por el paisaje, el medio ambiente y la vida exterior.<\/div>\t\t\t\t\t\t<div class=\"about-2-desc\">Nos diferencian el uso de <b>t\u00e9cnicas respetuosas<\/b> con el medio (riego eficiente, plantas aut\u00f3ctonas, control natural de animales), el <b>dise\u00f1o personalizado<\/b> seg\u00fan las necesidades y gustos del cliente, y la combinaci\u00f3n de <b>proximidad, profesionalidad, creatividad y conciencia ecol\u00f3gica&lt;\/.<\/div>\t\t\t\t\t\t<div class=\"row\">\n\t\t\t\t\t\t\t                            <div class=\"col-md-6\">\n\t\t\t\t\t\t\t\t<div class=\"about-2-icon-box\">\n\t\t\t\t\t\t\t\t\t<div class=\"about-2-icon\"><i class=\"icon-farming\"><\/i><\/div>\n\t\t\t\t\t\t\t\t\t<div class=\"about-2-text-3\">Expertos en jardiner\u00eda<\/div>\n\t\t\t\t\t\t\t\t<\/div>\n\t\t\t\t\t\t\t<\/div>\n\t\t\t\t\t\t\t                            <div class=\"col-md-6\">\n\t\t\t\t\t\t\t\t<div class=\"about-2-icon-box\">\n\t\t\t\t\t\t\t\t\t<div class=\"about-2-icon\"><i class=\"icon-rating\"><\/i><\/div>\n\t\t\t\t\t\t\t\t\t<div class=\"about-2-text-3\">Plena satisfacci\u00f3n de los clientes<\/div>\n\t\t\t\t\t\t\t\t<\/div>\n\t\t\t\t\t\t\t<\/div>\n\t\t\t\t\t\t\t\t\t\t\t\t\t<\/div>\n\t\t\t\t\t<\/div>\n\t\t\t\t<\/div>\n\t\t\t<\/div>\n\t\t<\/div>\n\t<\/section>\n        \n    \n       \n       \n             \n        \t\t\t\t<\/div>\n\t\t\t\t<\/div>\n\t\t\t\t\t<\/div>\n\t\t<\/div>\n\t\t\t\t\t<\/div>\n\t\t<\/section>\n\t\t\t\t<section class=\"elementor-section elementor-top-section elementor-element elementor-element-e253859 elementor-section-full_width elementor-section-height-default elementor-section-height-default\" data-id=\"e253859\" data-element_type=\"section\">\n\t\t\t\t\t\t<div class=\"elementor-container elementor-column-gap-default\">\n\t\t\t\t\t<div class=\"elementor-column elementor-col-100 elementor-top-column elementor-element elementor-element-0eb5194\" data-id=\"0eb5194\" data-element_type=\"column\">\n\t\t\t<div class=\"elementor-widget-wrap elementor-element-populated\">\n\t\t\t\t\t\t<div class=\"elementor-element elementor-element-2821ef8 elementor-widget elementor-widget-gardencare_our_projects_v2\" data-id=\"2821ef8\" data-element_type=\"widget\" data-widget_type=\"gardencare_our_projects_v2.default\">\n\t\t\t\t<div class=\"elementor-widget-container\">\n\t\t\t\t\t\t\t\n       \n      <section class=\"projects-1-section s-two\" style=\"background-image: url(https:\/\/sempreverd.net\/wp-content\/uploads\/2022\/06\/bg-2.jpg);\">\n\t\t<div class=\"auto-container\">\n\t\t\t             <div class=\"sec-title-area text-center\">\n\t\t\t\t <div class=\"sub-title s-two\">Qu\u00e9 hacemos<\/div>\t\t\t\t <h2 class=\"sec-title light\">Nuestros proyectos<\/h2>\t\t\t<\/div>\n            \t\t\t<div class=\"row\">\n\t\t\t\t                <div class=\"col-lg-5\">\n\t\t\t\t\t<div class=\"projects-1-block\">\n\t\t\t\t\t\t<div class=\"projects-1-image\">\n\t\t\t\t\t\t\t\t\t\t\t\t\t\t<div class=\"projects-1-overlay\">\n\t\t\t\t\t\t\t\t<a href=\"\" class=\"projects-1-icon\" data-fancybox=\"project-1\" aria-label=\"Ver proyecto\"><span class=\"fa fa-eye\"><\/span><\/a>\n\t\t\t\t\t\t\t<\/div>\n\t\t\t\t\t\t<\/div>\n\t\t\t\t\t<\/div>\n\t\t\t\t<\/div>\n\t\t\t\t                <div class=\"col-lg-4\">\n\t\t\t\t\t<div class=\"projects-1-block\">\n\t\t\t\t\t\t<div class=\"projects-1-image\">\n\t\t\t\t\t\t\t\t\t\t\t\t\t\t<div class=\"projects-1-overlay\">\n\t\t\t\t\t\t\t\t<a href=\"\" class=\"projects-1-icon\" data-fancybox=\"project-1\" aria-label=\"Ver proyecto\"><span class=\"fa fa-eye\"><\/span><\/a>\n\t\t\t\t\t\t\t<\/div>\n\t\t\t\t\t\t<\/div>\n\t\t\t\t\t<\/div>\n\t\t\t\t<\/div>\n\t\t\t\t                <div class=\"col-lg-3\">\n\t\t\t\t\t<div class=\"projects-1-block\">\n\t\t\t\t\t\t<div class=\"projects-1-image\">\n\t\t\t\t\t\t\t\t\t\t\t\t\t\t<div class=\"projects-1-overlay\">\n\t\t\t\t\t\t\t\t<a href=\"\" class=\"projects-1-icon\" data-fancybox=\"project-1\" aria-label=\"Ver proyecto\"><span class=\"fa fa-eye\"><\/span><\/a>\n\t\t\t\t\t\t\t<\/div>\n\t\t\t\t\t\t<\/div>\n\t\t\t\t\t<\/div>\n\t\t\t\t<\/div>\n\t\t\t\t                <div class=\"col-lg-3\">\n\t\t\t\t\t<div class=\"projects-1-block\">\n\t\t\t\t\t\t<div class=\"projects-1-image\">\n\t\t\t\t\t\t\t\t\t\t\t\t\t\t<div class=\"projects-1-overlay\">\n\t\t\t\t\t\t\t\t<a href=\"\" class=\"projects-1-icon\" data-fancybox=\"project-1\" aria-label=\"Ver proyecto\"><span class=\"fa fa-eye\"><\/span><\/a>\n\t\t\t\t\t\t\t<\/div>\n\t\t\t\t\t\t<\/div>\n\t\t\t\t\t<\/div>\n\t\t\t\t<\/div>\n\t\t\t\t                <div class=\"col-lg-5\">\n\t\t\t\t\t<div class=\"projects-1-block\">\n\t\t\t\t\t\t<div class=\"projects-1-image\">\n\t\t\t\t\t\t\t\t\t\t\t\t\t\t<div class=\"projects-1-overlay\">\n\t\t\t\t\t\t\t\t<a href=\"\" class=\"projects-1-icon\" data-fancybox=\"project-1\" aria-label=\"Ver proyecto\"><span class=\"fa fa-eye\"><\/span><\/a>\n\t\t\t\t\t\t\t<\/div>\n\t\t\t\t\t\t<\/div>\n\t\t\t\t\t<\/div>\n\t\t\t\t<\/div>\n\t\t\t\t                <div class=\"col-lg-4\">\n\t\t\t\t\t<div class=\"projects-1-block\">\n\t\t\t\t\t\t<div class=\"projects-1-image\">\n\t\t\t\t\t\t\t\t\t\t\t\t\t\t<div class=\"projects-1-overlay\">\n\t\t\t\t\t\t\t\t<a href=\"\" class=\"projects-1-icon\" data-fancybox=\"project-1\" aria-label=\"Ver proyecto\"><span class=\"fa fa-eye\"><\/span><\/a>\n\t\t\t\t\t\t\t<\/div>\n\t\t\t\t\t\t<\/div>\n\t\t\t\t\t<\/div>\n\t\t\t\t<\/div>\n\t\t\t\t\t\t\t<\/div>\n\t\t<\/div>\n\t<\/section>\n    \n\n        \t\t\t\t<\/div>\n\t\t\t\t<\/div>\n\t\t\t\t\t<\/div>\n\t\t<\/div>\n\t\t\t\t\t<\/div>\n\t\t<\/section>\n\t\t\t\t<\/div>\n\t\t","protected":false},"excerpt":{"rendered":"<p>A\u00f1os de experiencia yjardineros cualificados Combinamos profesionalidad, creatividad y t\u00e9cnicas ecol\u00f3gicas para transformar espacios exteriores en entornos verdes que inspiran, conectan y respetan el medio. Sobre nosotros Jardiner\u00eda sostenibleen el Maresme Transformamos tu espacio exterior en un oasis verde con dise\u00f1os personalizados y plantas mediterr\u00e1neas adaptadas a nuestro clima. Todos los servicios Bienvenidos a SempreVerd [&hellip;]<\/p>\n","protected":false},"author":1,"featured_media":0,"parent":0,"menu_order":0,"comment_status":"closed","ping_status":"closed","template":"tpl-default-elementor.php","meta":{"footnotes":""},"class_list":["post-1272","page","type-page","status-publish","hentry"],"_links":{"self":[{"href":"https:\/\/sempreverd.net\/es\/wp-json\/wp\/v2\/pages\/1272","targetHints":{"allow":["GET"]}}],"collection":[{"href":"https:\/\/sempreverd.net\/es\/wp-json\/wp\/v2\/pages"}],"about":[{"href":"https:\/\/sempreverd.net\/es\/wp-json\/wp\/v2\/types\/page"}],"author":[{"embeddable":true,"href":"https:\/\/sempreverd.net\/es\/wp-json\/wp\/v2\/users\/1"}],"replies":[{"embeddable":true,"href":"https:\/\/sempreverd.net\/es\/wp-json\/wp\/v2\/comments?post=1272"}],"version-history":[{"count":16,"href":"https:\/\/sempreverd.net\/es\/wp-json\/wp\/v2\/pages\/1272\/revisions"}],"predecessor-version":[{"id":1480,"href":"https:\/\/sempreverd.net\/es\/wp-json\/wp\/v2\/pages\/1272\/revisions\/1480"}],"wp:attachment":[{"href":"https:\/\/sempreverd.net\/es\/wp-json\/wp\/v2\/media?parent=1272"}],"curies":[{"name":"wp","href":"https:\/\/api.w.org\/{rel}","templated":true}]}}