{"id":1362,"date":"2022-08-11T17:09:34","date_gmt":"2022-08-11T15:09:34","guid":{"rendered":"https:\/\/sempreverd.net\/nosotros\/"},"modified":"2025-12-03T11:04:22","modified_gmt":"2025-12-03T10:04:22","slug":"nosotros","status":"publish","type":"page","link":"https:\/\/sempreverd.net\/es\/nosotros\/","title":{"rendered":"Nosotros"},"content":{"rendered":"\t\t<div data-elementor-type=\"wp-page\" data-elementor-id=\"1362\" class=\"elementor elementor-1362 elementor-836\" data-elementor-post-type=\"page\">\n\t\t\t\t\t\t<section class=\"elementor-section elementor-top-section elementor-element elementor-element-78160ad elementor-section-full_width elementor-section-height-default elementor-section-height-default\" data-id=\"78160ad\" data-element_type=\"section\">\n\t\t\t\t\t\t<div class=\"elementor-container elementor-column-gap-default\">\n\t\t\t\t\t<div class=\"elementor-column elementor-col-100 elementor-top-column elementor-element elementor-element-a97cca7\" data-id=\"a97cca7\" data-element_type=\"column\">\n\t\t\t<div class=\"elementor-widget-wrap elementor-element-populated\">\n\t\t\t\t\t\t<div class=\"elementor-element elementor-element-ba8b223 elementor-widget elementor-widget-gardencare_our_history\" data-id=\"ba8b223\" data-element_type=\"widget\" data-widget_type=\"gardencare_our_history.default\">\n\t\t\t\t<div class=\"elementor-widget-container\">\n\t\t\t\t\t\t\t\n        \n        <!--Start company history area-->\n\t<section id=\"company-history-area\">\n    \t<div class=\"auto-container\">\n        \t<div class=\"row\">\n            \t<div class=\"col-lg-7 col-md-7 col-sm-8 col-xs-12\">\n                \t<div class=\"company-history-left\">\n                    \t                        <div class=\"section-title2\">\n            \t\t\t\t<p>\u00bfQui\u00e9nes somos?<\/p>\t\t\t\t\t\t\t<h1><span>Sobre nosotros<\/span><\/h1>\t\t\t\t\t\t<\/div>\n                                                                        <div class=\"company-history-left-text\">\n                        \t<p><b>Sempreverd<\/b> es una empresa especializada en la jardiner\u00eda sostenible ubicada en el Maresme, comprometida con el medio ambiente y enfocada a ofrecer soluciones innovadoras y personalizadas para empresas, jardines particulares y comunidades de vecinos.\n<br><br>\nCon a\u00f1os de experiencia y jardineros calificados, combinamos profesionalidad, creatividad y t\u00e9cnicas ecol\u00f3gicas para transformar espacios exteriores en entornos verdes que inspiran, conectan y respetan el medio.<\/p>\n                        <\/div>\n                                                <div class=\"company-history-list\">\n                        \t\t\t\t\t\t\t\t<ul class=\"history-left-list\">\n\t\t\t\t\t\t\t\t\t\t\t\t\t\t\t\t\t<li><i class=\"fa fa-angle-right\"><\/i><a href=\"\/es\/servicios#disseny-i-creacio\">Dise\u00f1o y creaci\u00f3n<\/a><\/li>\n\t\t\t\t\t\t\t\t \t\t\t\t\t\t\t\t\t<li><i class=\"fa fa-angle-right\"><\/i><a href=\"\/es\/servicios#manteniment\">Mantenimiento<\/a><\/li>\n\t\t\t\t\t\t\t\t \t\t\t\t\t\t\t\t\t<li><i class=\"fa fa-angle-right\"><\/i><a href=\"\/es\/servicios#solucions-complementaries\">Soluciones complementarias<\/a><\/li>\n\t\t\t\t\t\t\t\t \t\t\t\t\t\t\t <\/ul>\n\t\t\t\t\t\t\t                            \n                            \n                            \t\t\t\t\t\t\t<ul class=\"history-right-list\">\n\t\t\t\t\t\t\t\t\t\t\t\t\t\t\t\t\t<li><i class=\"fa fa-angle-right\"><\/i><a href=\"\/es\/servicios#sistemes-de-reg\">Sistemas de riego<\/a><\/li>\n\t\t\t\t\t\t\t\t \t\t\t\t\t\t\t\t\t<li><i class=\"fa fa-angle-right\"><\/i><a href=\"\/es\/servicios#empreses-i-comunitats\">Empresas y comunidades de vecinos<\/a><\/li>\n\t\t\t\t\t\t\t\t \t\t\t\t\t\t\t <\/ul>\n\t\t\t\t\t\t\t                        <\/div>\n                    <\/div>\n                <\/div>\n                <div class=\"col-lg-5 col-md-5 col-sm-4 col-xs-12\">\n                \t<div class=\"company-history-right\">\n                    \t                        <img decoding=\"async\" src=\"https:\/\/sempreverd.net\/wp-content\/uploads\/2022\/08\/company-history.jpg\" alt=\"Awesome Image\">\n                                               \t                        <div class=\"section-title2 company-history-right-title\">\n\t\t\t\t\t\t\t<h1><span>Nuestra misi\u00f3n<\/span><\/h1>\n\t\t\t\t\t\t<\/div>\n                                                                        <div class=\"company-history-right-text\">\n                        \t<p>Transformamos tu espacio exterior en un oasis verde con dise\u00f1os personalizados y plantas mediterr\u00e1neas adaptadas a nuestro clima. Descubre c\u00f3mo tu jard\u00edn puede lucir espectacular todo el a\u00f1o con un servicio de confianza y proximidad.\n<br><br>\nDesde el dise\u00f1o y construcci\u00f3n, al mantenimiento a medida siempre con una excelente relaci\u00f3n calidad\/precio. <\/p>\n                        <\/div>\n                                             <\/div>\n                <\/div>\n            <\/div>\n        <\/div>\n    <\/section>\n\t<!--End company history area-->\n    \n    \n       \n             \n        \t\t\t\t<\/div>\n\t\t\t\t<\/div>\n\t\t\t\t\t<\/div>\n\t\t<\/div>\n\t\t\t\t\t<\/div>\n\t\t<\/section>\n\t\t\t\t<section class=\"elementor-section elementor-top-section elementor-element elementor-element-48c4609 elementor-section-full_width elementor-section-height-default elementor-section-height-default\" data-id=\"48c4609\" data-element_type=\"section\">\n\t\t\t\t\t\t<div class=\"elementor-container elementor-column-gap-default\">\n\t\t\t\t\t<div class=\"elementor-column elementor-col-100 elementor-top-column elementor-element elementor-element-ec972b5\" data-id=\"ec972b5\" data-element_type=\"column\">\n\t\t\t<div class=\"elementor-widget-wrap elementor-element-populated\">\n\t\t\t\t\t\t<div class=\"elementor-element elementor-element-ec9024d elementor-widget elementor-widget-gardencare_why_choose_us_v2\" data-id=\"ec9024d\" data-element_type=\"widget\" data-widget_type=\"gardencare_why_choose_us_v2.default\">\n\t\t\t\t<div class=\"elementor-widget-container\">\n\t\t\t\t\t\t\t\n        <!--Start our service area -->\n    <section id=\"our-service-area\">\n    \t<div class=\"auto-container\">\n        \t<div class=\"row\">\n            \t<div class=\"col-lg-3 col-md-3 col-sm-4 col-xs-12\">\n                \t                    <div class=\"service-left\">\n                    \t<img decoding=\"async\" src=\"https:\/\/sempreverd.net\/wp-content\/uploads\/2025\/10\/Sobre-nosaltres.webp\" alt=\"Awesome Image\">\n                    <\/div>\n                                    <\/div>\n                <div class=\"col-lg-9 col-md-9 col-sm-8 col-xs-12\">\n                \t<div class=\"service-right\">\n                    \t                        <div class=\"section-title2\">\n            \t\t\t\t<p>A\u00f1os de experiencia nos avalan<\/p>\t\t\t\t\t\t\t<h1><span>\u00bfPor qu\u00e9 elegir nuestros servicios?<\/span><\/h1>\t\t\t\t\t\t<\/div>\n                                                <div class=\"why-choose-service-item\">\n                        \t                            <!--Start why choose single service item-->\n                        \t<div class=\"why-choose-single-service-item\">\n                            \t<div class=\"choose-service-icon-bg\">\n                                    <div class=\"choose-service-icon\">\n                                        <img decoding=\"async\" src=\"https:\/\/sempreverd.net\/wp-content\/uploads\/2025\/10\/service-map.webp\" alt=\"Awesome Image\">\n                                    <\/div>\n                                <\/div>\n                                <div class=\"choose-service-text\">\n                                \t<h5>Conocimiento local<\/h5>\n                                    <p>Conocemos el clima, el suelo y las plantas ideales por esta zona.<\/p>\n                                <\/div>\n                            <\/div>\n                            <!--End why choose single service item-->\n                                                       <!--Start why choose single service item-->\n                        \t<div class=\"why-choose-single-service-item\">\n                            \t<div class=\"choose-service-icon-bg\">\n                                    <div class=\"choose-service-icon\">\n                                        <img decoding=\"async\" src=\"https:\/\/sempreverd.net\/wp-content\/uploads\/2025\/10\/service-leaf.webp\" alt=\"Awesome Image\">\n                                    <\/div>\n                                <\/div>\n                                <div class=\"choose-service-text\">\n                                \t<h5>Compromiso sostenible<\/h5>\n                                    <p>Utilizamos m\u00e9todos ecol\u00f3gicos y buscamos reducir el impacto ambiental.<\/p>\n                                <\/div>\n                            <\/div>\n                            <!--End why choose single service item-->\n                                                       <!--Start why choose single service item-->\n                        \t<div class=\"why-choose-single-service-item\">\n                            \t<div class=\"choose-service-icon-bg\">\n                                    <div class=\"choose-service-icon\">\n                                        <img decoding=\"async\" src=\"https:\/\/sempreverd.net\/wp-content\/uploads\/2022\/08\/service-4.png\" alt=\"Awesome Image\">\n                                    <\/div>\n                                <\/div>\n                                <div class=\"choose-service-text\">\n                                \t<h5>Relaci\u00f3n calidad\/precio<\/h5>\n                                    <p>Servicios transparentes, presupuestos claros y resultados de confianza.<\/p>\n                                <\/div>\n                            <\/div>\n                            <!--End why choose single service item-->\n                                                       <!--Start why choose single service item-->\n                        \t<div class=\"why-choose-single-service-item\">\n                            \t<div class=\"choose-service-icon-bg\">\n                                    <div class=\"choose-service-icon\">\n                                        <img decoding=\"async\" src=\"https:\/\/sempreverd.net\/wp-content\/uploads\/2025\/10\/service-idea.webp\" alt=\"Awesome Image\">\n                                    <\/div>\n                                <\/div>\n                                <div class=\"choose-service-text\">\n                                \t<h5>Proyectos personalizados<\/h5>\n                                    <p>Cada jard\u00edn es \u00fanico. Nos adaptamos al espacio, gusto y necesidades del cliente.<\/p>\n                                <\/div>\n                            <\/div>\n                            <!--End why choose single service item-->\n                                                   <\/div>\n                    <\/div>\n                <\/div>\n            <\/div>\n        <\/div>\n    <\/section>\n    <!--End our service area -->\n        \n       \n    \n                         \n        \t\t\t\t<\/div>\n\t\t\t\t<\/div>\n\t\t\t\t\t<\/div>\n\t\t<\/div>\n\t\t\t\t\t<\/div>\n\t\t<\/section>\n\t\t\t\t<section class=\"elementor-section elementor-top-section elementor-element elementor-element-d7a70a8 elementor-section-full_width elementor-section-height-default elementor-section-height-default\" data-id=\"d7a70a8\" data-element_type=\"section\">\n\t\t\t\t\t\t<div class=\"elementor-container elementor-column-gap-default\">\n\t\t\t\t\t<div class=\"elementor-column elementor-col-100 elementor-top-column elementor-element elementor-element-2e41684\" data-id=\"2e41684\" data-element_type=\"column\">\n\t\t\t<div class=\"elementor-widget-wrap elementor-element-populated\">\n\t\t\t\t\t\t<div class=\"elementor-element elementor-element-c09fe82 elementor-widget elementor-widget-gardencare_call_to_action_v5\" data-id=\"c09fe82\" data-element_type=\"widget\" data-widget_type=\"gardencare_call_to_action_v5.default\">\n\t\t\t\t<div class=\"elementor-widget-container\">\n\t\t\t\t\t\t\t\n       \n    \n     <!--Start hire us area-->\n\t<section id=\"hire-us-area\">\n    \t<div class=\"auto-container\">\n        \t<div class=\"row\">\n            \t<div class=\"col-lg-3 col-md-3 hidden-md col-sm-12 col-xs-12\">\n                \t<div class=\"hire-us-left\">\n                    \t\n                    <\/div>\n                <\/div>\n                <div class=\"col-lg-9 col-md-12 col-sm-12 col-xs-12\">\n                \t                    <div class=\"hire-us-right\">\n                    \t<h1>No esperes m\u00e1s y <span>ponte en contacto<\/span><\/h1>\n                    <\/div>\n                                                            <div class=\"hire-us-button\">\n                    \t<a class=\"contact-button\" href=\"https:\/\/sempreverd.net\/es\/contacto\/\">\n                            <div class=\"contact-us-button\">Contactar<\/div>\n                            <i class=\"fa fa-arrow-circle-right\"><\/i>\n                        <\/a>\n                    <\/div>\n                                    <\/div>\n            <\/div>\n        <\/div>\n    <\/section>\n    <!--End hire us area-->\n    \n    \n        \t\t\t\t<\/div>\n\t\t\t\t<\/div>\n\t\t\t\t\t<\/div>\n\t\t<\/div>\n\t\t\t\t\t<\/div>\n\t\t<\/section>\n\t\t\t\t<\/div>\n\t\t","protected":false},"excerpt":{"rendered":"<p>\u00bfQui\u00e9nes somos? Sobre nosotros Sempreverd es una empresa especializada en la jardiner\u00eda sostenible ubicada en el Maresme, comprometida con el medio ambiente y enfocada a ofrecer soluciones innovadoras y personalizadas para empresas, jardines particulares y comunidades de vecinos. Con a\u00f1os de experiencia y jardineros calificados, combinamos profesionalidad, creatividad y t\u00e9cnicas ecol\u00f3gicas para transformar espacios exteriores [&hellip;]<\/p>\n","protected":false},"author":1,"featured_media":0,"parent":0,"menu_order":0,"comment_status":"closed","ping_status":"closed","template":"tpl-default-elementor.php","meta":{"footnotes":""},"class_list":["post-1362","page","type-page","status-publish","hentry"],"_links":{"self":[{"href":"https:\/\/sempreverd.net\/es\/wp-json\/wp\/v2\/pages\/1362","targetHints":{"allow":["GET"]}}],"collection":[{"href":"https:\/\/sempreverd.net\/es\/wp-json\/wp\/v2\/pages"}],"about":[{"href":"https:\/\/sempreverd.net\/es\/wp-json\/wp\/v2\/types\/page"}],"author":[{"embeddable":true,"href":"https:\/\/sempreverd.net\/es\/wp-json\/wp\/v2\/users\/1"}],"replies":[{"embeddable":true,"href":"https:\/\/sempreverd.net\/es\/wp-json\/wp\/v2\/comments?post=1362"}],"version-history":[{"count":10,"href":"https:\/\/sempreverd.net\/es\/wp-json\/wp\/v2\/pages\/1362\/revisions"}],"predecessor-version":[{"id":1511,"href":"https:\/\/sempreverd.net\/es\/wp-json\/wp\/v2\/pages\/1362\/revisions\/1511"}],"wp:attachment":[{"href":"https:\/\/sempreverd.net\/es\/wp-json\/wp\/v2\/media?parent=1362"}],"curies":[{"name":"wp","href":"https:\/\/api.w.org\/{rel}","templated":true}]}}