{"id":1408,"date":"2022-08-11T17:10:38","date_gmt":"2022-08-11T15:10:38","guid":{"rendered":"https:\/\/sempreverd.net\/servicios\/"},"modified":"2025-12-04T08:00:21","modified_gmt":"2025-12-04T07:00:21","slug":"servicios","status":"publish","type":"page","link":"https:\/\/sempreverd.net\/es\/servicios\/","title":{"rendered":"Servicios"},"content":{"rendered":"\t\t<div data-elementor-type=\"wp-page\" data-elementor-id=\"1408\" class=\"elementor elementor-1408 elementor-838\" data-elementor-post-type=\"page\">\n\t\t\t\t\t\t<section class=\"elementor-section elementor-top-section elementor-element elementor-element-e68438a elementor-section-full_width elementor-section-height-default elementor-section-height-default\" data-id=\"e68438a\" data-element_type=\"section\">\n\t\t\t\t\t\t<div class=\"elementor-container elementor-column-gap-default\">\n\t\t\t\t\t<div class=\"elementor-column elementor-col-100 elementor-top-column elementor-element elementor-element-4a81b9e\" data-id=\"4a81b9e\" data-element_type=\"column\">\n\t\t\t<div class=\"elementor-widget-wrap elementor-element-populated\">\n\t\t\t\t\t\t<div class=\"elementor-element elementor-element-42f239d elementor-widget elementor-widget-gardencare_differnt_services_v2\" data-id=\"42f239d\" data-element_type=\"widget\" data-widget_type=\"gardencare_differnt_services_v2.default\">\n\t\t\t\t<div class=\"elementor-widget-container\">\n\t\t\t\t\t\t\t\n        <!--Start awesome services top area-->\n    <section id=\"awesome-service-top-area\">\n    \t<div class=\"auto-container\">\n        \t<div class=\"row\">\n            \t<div class=\"col-lg-3 col-md-3 col-sm-4 col-xs-12\">\n                \t                    <div class=\"awesome-service-top-img\">\n                    \t<img decoding=\"async\" src=\"https:\/\/sempreverd.net\/wp-content\/uploads\/2025\/10\/Som-el-teu-equip.webp\" alt=\"Awesome Image\">\n                    <\/div>\n                                    <\/div>\n                <div class=\"col-lg-9 col-md-9 col-sm-8 col-xs-12\">\n                \t<div class=\"awesome-service-top-right\">\n                    \t                        <div class=\"section-title2\">\n            \t\t\t\t\t\t\t\t\t\t\t<h1><span>Somos tu equipo<\/span><\/h1>\t\t\t\t\t\t<\/div>\n                                                                        <div class=\"awesome-service-top-right-text\">\n                        \t<p>En Sempreverd trabajamos para crear y mantener espacios exteriores que se disfruten cada d\u00eda y que, al mismo tiempo, respeten el entorno que nos rodea. Cada jard\u00edn es diferente: el terreno, el clima, el uso que hacen las personas, la luz o incluso las emociones que quieren transmitir. Por eso, nuestros servicios est\u00e1n pensados \u200b\u200bpara adaptarse a cada proyecto y convertir cualquier rinc\u00f3n en una zona viva, equilibrada y llena de verde.<\/p>                            <p class=\"moreservice\">Convertimos cualquier espacio exterior en un jard\u00edn atractivo, pr\u00e1ctico y f\u00e1cil de mantener. Dise\u00f1amos, construimos y cuidamos jardines pensando en ti: ahorro de agua, plantas adecuadas a nuestro clima y resultados que se notan desde el primer d\u00eda. <\/p>                        <\/div>\n                                                <div class=\"service-help-line\">\n                        \t                            <div class=\"help-line-text\">\n                            \t<h2>Ll\u00e1manos<\/h2>                                <h4>o env\u00edanos un WhatsApp<\/h4>                            <\/div>\n                                                                                    <div class=\"help-line-number\">\n                            \t<h2><i class=\"fa fa-phone\"><\/i><a href=\"tel:660216132\" style=\"color:white\">660 21 61 32<\/a><\/h2>\n                            <\/div>\n                                                    <\/div>\n                    <\/div>\n                <\/div>\n            <\/div>\n        <\/div>\n    <\/section>\n    <!--End awesome services top area-->\n        \n       \n     \n             \n        \t\t\t\t<\/div>\n\t\t\t\t<\/div>\n\t\t\t\t\t<\/div>\n\t\t<\/div>\n\t\t\t\t\t<\/div>\n\t\t<\/section>\n\t\t\t\t<section class=\"elementor-section elementor-top-section elementor-element elementor-element-ad365ba elementor-section-full_width elementor-section-height-default elementor-section-height-default\" data-id=\"ad365ba\" data-element_type=\"section\" data-settings=\"{&quot;background_background&quot;:&quot;classic&quot;}\">\n\t\t\t\t\t\t<div class=\"elementor-container elementor-column-gap-default\">\n\t\t\t\t\t<div class=\"elementor-column elementor-col-100 elementor-top-column elementor-element elementor-element-e98adde\" data-id=\"e98adde\" data-element_type=\"column\">\n\t\t\t<div class=\"elementor-widget-wrap elementor-element-populated\">\n\t\t\t\t\t\t<section class=\"elementor-section elementor-inner-section elementor-element elementor-element-b9ed0e2 elementor-section-full_width auto-container elementor-section-height-default elementor-section-height-default\" data-id=\"b9ed0e2\" data-element_type=\"section\">\n\t\t\t\t\t\t<div class=\"elementor-container elementor-column-gap-default\">\n\t\t\t\t\t<div class=\"elementor-column elementor-col-50 elementor-inner-column elementor-element elementor-element-5c3a8a5\" data-id=\"5c3a8a5\" data-element_type=\"column\" id=\"disseny-i-creacio\">\n\t\t\t<div class=\"elementor-widget-wrap elementor-element-populated\">\n\t\t\t\t\t\t<div class=\"elementor-element elementor-element-510a6ca elementor-widget elementor-widget-image\" data-id=\"510a6ca\" data-element_type=\"widget\" data-widget_type=\"image.default\">\n\t\t\t\t<div class=\"elementor-widget-container\">\n\t\t\t\t\t\t\t\t\t\t\t\t\t\t\t<img fetchpriority=\"high\" decoding=\"async\" width=\"525\" height=\"350\" src=\"https:\/\/sempreverd.net\/wp-content\/uploads\/2025\/10\/Disseny-1.webp\" class=\"attachment-large size-large wp-image-1401\" alt=\"\" srcset=\"https:\/\/sempreverd.net\/wp-content\/uploads\/2025\/10\/Disseny-1.webp 1000w, https:\/\/sempreverd.net\/wp-content\/uploads\/2025\/10\/Disseny-1-300x200.webp 300w, https:\/\/sempreverd.net\/wp-content\/uploads\/2025\/10\/Disseny-1-768x512.webp 768w, https:\/\/sempreverd.net\/wp-content\/uploads\/2025\/10\/Disseny-1-600x400.webp 600w\" sizes=\"(max-width: 525px) 100vw, 525px\" \/>\t\t\t\t\t\t\t\t\t\t\t\t\t\t\t<\/div>\n\t\t\t\t<\/div>\n\t\t\t\t<div class=\"elementor-element elementor-element-949eb89 elementor-widget elementor-widget-gardencare_our_services_v4\" data-id=\"949eb89\" data-element_type=\"widget\" data-widget_type=\"gardencare_our_services_v4.default\">\n\t\t\t\t<div class=\"elementor-widget-container\">\n\t\t\t\t\t\t\t\n        \n        <!--Start awesome service blog area-->\n    <section id=\"awesome-service-blog-area\">\n    \t<div class=\"auto-container\">\n        \t<div class=\"row\">\n            \t<div class=\"col-lg-12\">\n                \t                    <div class=\"section-title2\">\n            \t\t\t\t\t\t\t\t\t<h1><span>Dise\u00f1o y creaci\u00f3n<\/span><\/h1> \t\t\t\t\t<\/div>\n                                     <\/div>\n            <\/div>\n            <div class=\"awesome-service-blog-items\">\n            \t<div class=\"row\">\n                \t                    <!--Start awesome service blog single-->\n                \t<div class=\"col-lg-4 col-md-4 col-sm-6 col-xs-12\">\n                    \t<div class=\"awesome-service-blog-single\">\n                        \t                            <h5>Dise\u00f1o y creaci\u00f3n<\/h5>\n                            <p>Planificaci\u00f3n del jard\u00edn, instalaci\u00f3n de caminos, estructuras, zonas ajardinadas<\/p>\n                        <\/div>\n                    <\/div>\n                    <!--End awesome service blog single-->\n                                    <\/div>\n            <\/div>\n        <\/div>\n    <\/section>\n    <!--End awesome service blog area--> \n        \n     \n \n        \t\t\t\t<\/div>\n\t\t\t\t<\/div>\n\t\t\t\t<div class=\"elementor-element elementor-element-150afaa elementor-widget elementor-widget-text-editor\" data-id=\"150afaa\" data-element_type=\"widget\" data-widget_type=\"text-editor.default\">\n\t\t\t\t<div class=\"elementor-widget-container\">\n\t\t\t\t\t\t\t\t\t<p><strong>Dise\u00f1o personalizado de jardines y terrazas: <\/strong>creaci\u00f3n de espacios verdes \u00fanicos adaptados a las necesidades y estilos del cliente.<\/p><p><strong>Paisajismo sostenible: <\/strong>dise\u00f1os con plantas aut\u00f3ctonas, materiales ecol\u00f3gicos y poca necesidad de agua.<\/p><p><strong>Zonas de ocio y relajaci\u00f3n: <\/strong>creaci\u00f3n de espacios como p\u00e9rgolas, zonas chill-out o \u00e1reas infantiles.<\/p><p><strong>Instalaci\u00f3n de c\u00e9sped natural y artificial: <\/strong>soluciones pr\u00e1cticas y est\u00e9ticas adaptadas a cada espacio.<\/p>\t\t\t\t\t\t\t\t<\/div>\n\t\t\t\t<\/div>\n\t\t\t\t\t<\/div>\n\t\t<\/div>\n\t\t\t\t<div class=\"elementor-column elementor-col-50 elementor-inner-column elementor-element elementor-element-2af3705\" data-id=\"2af3705\" data-element_type=\"column\" id=\"manteniment\">\n\t\t\t<div class=\"elementor-widget-wrap elementor-element-populated\">\n\t\t\t\t\t\t<div class=\"elementor-element elementor-element-f39ad15 elementor-widget elementor-widget-image\" data-id=\"f39ad15\" data-element_type=\"widget\" data-widget_type=\"image.default\">\n\t\t\t\t<div class=\"elementor-widget-container\">\n\t\t\t\t\t\t\t\t\t\t\t\t\t\t\t<img decoding=\"async\" width=\"525\" height=\"350\" src=\"https:\/\/sempreverd.net\/wp-content\/uploads\/2025\/10\/Mantenimiento-del-jardin.webp\" class=\"attachment-large size-large wp-image-1402\" alt=\"\" srcset=\"https:\/\/sempreverd.net\/wp-content\/uploads\/2025\/10\/Mantenimiento-del-jardin.webp 1000w, https:\/\/sempreverd.net\/wp-content\/uploads\/2025\/10\/Mantenimiento-del-jardin-300x200.webp 300w, https:\/\/sempreverd.net\/wp-content\/uploads\/2025\/10\/Mantenimiento-del-jardin-768x512.webp 768w, https:\/\/sempreverd.net\/wp-content\/uploads\/2025\/10\/Mantenimiento-del-jardin-600x400.webp 600w\" sizes=\"(max-width: 525px) 100vw, 525px\" \/>\t\t\t\t\t\t\t\t\t\t\t\t\t\t\t<\/div>\n\t\t\t\t<\/div>\n\t\t\t\t<div class=\"elementor-element elementor-element-7d2cd54 elementor-widget elementor-widget-gardencare_our_services_v4\" data-id=\"7d2cd54\" data-element_type=\"widget\" data-widget_type=\"gardencare_our_services_v4.default\">\n\t\t\t\t<div class=\"elementor-widget-container\">\n\t\t\t\t\t\t\t\n        \n        <!--Start awesome service blog area-->\n    <section id=\"awesome-service-blog-area\">\n    \t<div class=\"auto-container\">\n        \t<div class=\"row\">\n            \t<div class=\"col-lg-12\">\n                \t                    <div class=\"section-title2\">\n            \t\t\t\t\t\t\t\t\t<h1><span>Mantenimiento<\/span><\/h1> \t\t\t\t\t<\/div>\n                                     <\/div>\n            <\/div>\n            <div class=\"awesome-service-blog-items\">\n            \t<div class=\"row\">\n                \t                    <!--Start awesome service blog single-->\n                \t<div class=\"col-lg-4 col-md-4 col-sm-6 col-xs-12\">\n                    \t<div class=\"awesome-service-blog-single\">\n                        \t                            <h5>Dise\u00f1o y creaci\u00f3n<\/h5>\n                            <p>Planificaci\u00f3n del jard\u00edn, instalaci\u00f3n de caminos, estructuras, zonas ajardinadas<\/p>\n                        <\/div>\n                    <\/div>\n                    <!--End awesome service blog single-->\n                                    <\/div>\n            <\/div>\n        <\/div>\n    <\/section>\n    <!--End awesome service blog area--> \n        \n     \n \n        \t\t\t\t<\/div>\n\t\t\t\t<\/div>\n\t\t\t\t<div class=\"elementor-element elementor-element-d42728b elementor-widget elementor-widget-text-editor\" data-id=\"d42728b\" data-element_type=\"widget\" data-widget_type=\"text-editor.default\">\n\t\t\t\t<div class=\"elementor-widget-container\">\n\t\t\t\t\t\t\t\t\t<p><strong>Mantenimiento integral de jardines:<\/strong> limpieza, poda, riego y cuidado de plantas y c\u00e9sped.<\/p><p><strong>Cortado y poda de \u00e1rboles y arbustos: <\/strong>mantenimiento para la salud y est\u00e9tica de los \u00e1rboles.<\/p><p><strong>Tratamientos fitosanitarios ecol\u00f3gicos:<\/strong> control de plagas y enfermedades con productos org\u00e1nicos.<\/p><p><strong>Gesti\u00f3n de compostaje:<\/strong> creaci\u00f3n de sistemas de compost para optimizar los residuos org\u00e1nicos.<\/p>\t\t\t\t\t\t\t\t<\/div>\n\t\t\t\t<\/div>\n\t\t\t\t\t<\/div>\n\t\t<\/div>\n\t\t\t\t\t<\/div>\n\t\t<\/section>\n\t\t\t\t<section class=\"elementor-section elementor-inner-section elementor-element elementor-element-6a066e0 elementor-section-full_width auto-container elementor-section-height-default elementor-section-height-default\" data-id=\"6a066e0\" data-element_type=\"section\">\n\t\t\t\t\t\t<div class=\"elementor-container elementor-column-gap-default\">\n\t\t\t\t\t<div class=\"elementor-column elementor-col-50 elementor-inner-column elementor-element elementor-element-2dc9dff\" data-id=\"2dc9dff\" data-element_type=\"column\" id=\"sistemes-de-reg\">\n\t\t\t<div class=\"elementor-widget-wrap elementor-element-populated\">\n\t\t\t\t\t\t<div class=\"elementor-element elementor-element-6f71c65 elementor-widget elementor-widget-image\" data-id=\"6f71c65\" data-element_type=\"widget\" data-widget_type=\"image.default\">\n\t\t\t\t<div class=\"elementor-widget-container\">\n\t\t\t\t\t\t\t\t\t\t\t\t\t\t\t<img decoding=\"async\" width=\"525\" height=\"350\" src=\"https:\/\/sempreverd.net\/wp-content\/uploads\/2025\/10\/Sistema-de-riego.webp\" class=\"attachment-large size-large wp-image-1403\" alt=\"\" srcset=\"https:\/\/sempreverd.net\/wp-content\/uploads\/2025\/10\/Sistema-de-riego.webp 1000w, https:\/\/sempreverd.net\/wp-content\/uploads\/2025\/10\/Sistema-de-riego-300x200.webp 300w, https:\/\/sempreverd.net\/wp-content\/uploads\/2025\/10\/Sistema-de-riego-768x512.webp 768w, https:\/\/sempreverd.net\/wp-content\/uploads\/2025\/10\/Sistema-de-riego-600x400.webp 600w\" sizes=\"(max-width: 525px) 100vw, 525px\" \/>\t\t\t\t\t\t\t\t\t\t\t\t\t\t\t<\/div>\n\t\t\t\t<\/div>\n\t\t\t\t<div class=\"elementor-element elementor-element-3474dae elementor-widget elementor-widget-gardencare_our_services_v4\" data-id=\"3474dae\" data-element_type=\"widget\" data-widget_type=\"gardencare_our_services_v4.default\">\n\t\t\t\t<div class=\"elementor-widget-container\">\n\t\t\t\t\t\t\t\n        \n        <!--Start awesome service blog area-->\n    <section id=\"awesome-service-blog-area\">\n    \t<div class=\"auto-container\">\n        \t<div class=\"row\">\n            \t<div class=\"col-lg-12\">\n                \t                    <div class=\"section-title2\">\n            \t\t\t\t\t\t\t\t\t<h1><span>Sistemas de riego<\/span><\/h1> \t\t\t\t\t<\/div>\n                                     <\/div>\n            <\/div>\n            <div class=\"awesome-service-blog-items\">\n            \t<div class=\"row\">\n                \t                    <!--Start awesome service blog single-->\n                \t<div class=\"col-lg-4 col-md-4 col-sm-6 col-xs-12\">\n                    \t<div class=\"awesome-service-blog-single\">\n                        \t                            <h5>Dise\u00f1o y creaci\u00f3n<\/h5>\n                            <p>Planificaci\u00f3n del jard\u00edn, instalaci\u00f3n de caminos, estructuras, zonas ajardinadas<\/p>\n                        <\/div>\n                    <\/div>\n                    <!--End awesome service blog single-->\n                                    <\/div>\n            <\/div>\n        <\/div>\n    <\/section>\n    <!--End awesome service blog area--> \n        \n     \n \n        \t\t\t\t<\/div>\n\t\t\t\t<\/div>\n\t\t\t\t<div class=\"elementor-element elementor-element-264d10f elementor-widget elementor-widget-text-editor\" data-id=\"264d10f\" data-element_type=\"widget\" data-widget_type=\"text-editor.default\">\n\t\t\t\t<div class=\"elementor-widget-container\">\n\t\t\t\t\t\t\t\t\t<p><strong>Instalaci\u00f3n de riego autom\u00e1tico: <\/strong>sistemas eficientes para ahorrar agua.<\/p><p><strong>Revisi\u00f3n y mantenimiento de sistemas de riego: <\/strong>optimizaci\u00f3n y reparaci\u00f3n de sistemas existentes.<\/p><p><strong>Asesor\u00eda en gesti\u00f3n h\u00eddrica: <\/strong>consejos para reducir el consumo de agua y maximizar la eficiencia.<\/p><p><strong>Limpieza y mantenimiento de balsas y fuentes:<\/strong> cuidado especial para garantizar la calidad del agua y la est\u00e9tica.<\/p>\t\t\t\t\t\t\t\t<\/div>\n\t\t\t\t<\/div>\n\t\t\t\t\t<\/div>\n\t\t<\/div>\n\t\t\t\t<div class=\"elementor-column elementor-col-50 elementor-inner-column elementor-element elementor-element-3609a24\" data-id=\"3609a24\" data-element_type=\"column\" id=\"empreses-i-comunitats\">\n\t\t\t<div class=\"elementor-widget-wrap elementor-element-populated\">\n\t\t\t\t\t\t<div class=\"elementor-element elementor-element-9e54291 elementor-widget elementor-widget-image\" data-id=\"9e54291\" data-element_type=\"widget\" data-widget_type=\"image.default\">\n\t\t\t\t<div class=\"elementor-widget-container\">\n\t\t\t\t\t\t\t\t\t\t\t\t\t\t\t<img loading=\"lazy\" decoding=\"async\" width=\"525\" height=\"350\" src=\"https:\/\/sempreverd.net\/wp-content\/uploads\/2025\/10\/mantenimiento-y-limpieza-de-zonas-comunitarias.webp\" class=\"attachment-large size-large wp-image-1404\" alt=\"\" srcset=\"https:\/\/sempreverd.net\/wp-content\/uploads\/2025\/10\/mantenimiento-y-limpieza-de-zonas-comunitarias.webp 1000w, https:\/\/sempreverd.net\/wp-content\/uploads\/2025\/10\/mantenimiento-y-limpieza-de-zonas-comunitarias-300x200.webp 300w, https:\/\/sempreverd.net\/wp-content\/uploads\/2025\/10\/mantenimiento-y-limpieza-de-zonas-comunitarias-768x512.webp 768w, https:\/\/sempreverd.net\/wp-content\/uploads\/2025\/10\/mantenimiento-y-limpieza-de-zonas-comunitarias-600x400.webp 600w\" sizes=\"(max-width: 525px) 100vw, 525px\" \/>\t\t\t\t\t\t\t\t\t\t\t\t\t\t\t<\/div>\n\t\t\t\t<\/div>\n\t\t\t\t<div class=\"elementor-element elementor-element-55e0fff elementor-widget elementor-widget-gardencare_our_services_v4\" data-id=\"55e0fff\" data-element_type=\"widget\" data-widget_type=\"gardencare_our_services_v4.default\">\n\t\t\t\t<div class=\"elementor-widget-container\">\n\t\t\t\t\t\t\t\n        \n        <!--Start awesome service blog area-->\n    <section id=\"awesome-service-blog-area\">\n    \t<div class=\"auto-container\">\n        \t<div class=\"row\">\n            \t<div class=\"col-lg-12\">\n                \t                    <div class=\"section-title2\">\n            \t\t\t\t\t\t\t\t\t<h1><span>Servicios para empresas y comunidades de vecinos<\/span><\/h1> \t\t\t\t\t<\/div>\n                                     <\/div>\n            <\/div>\n            <div class=\"awesome-service-blog-items\">\n            \t<div class=\"row\">\n                \t                    <!--Start awesome service blog single-->\n                \t<div class=\"col-lg-4 col-md-4 col-sm-6 col-xs-12\">\n                    \t<div class=\"awesome-service-blog-single\">\n                        \t                            <h5>Dise\u00f1o y creaci\u00f3n<\/h5>\n                            <p>Planificaci\u00f3n del jard\u00edn, instalaci\u00f3n de caminos, estructuras, zonas ajardinadas<\/p>\n                        <\/div>\n                    <\/div>\n                    <!--End awesome service blog single-->\n                                    <\/div>\n            <\/div>\n        <\/div>\n    <\/section>\n    <!--End awesome service blog area--> \n        \n     \n \n        \t\t\t\t<\/div>\n\t\t\t\t<\/div>\n\t\t\t\t<div class=\"elementor-element elementor-element-3cc015e elementor-widget elementor-widget-text-editor\" data-id=\"3cc015e\" data-element_type=\"widget\" data-widget_type=\"text-editor.default\">\n\t\t\t\t<div class=\"elementor-widget-container\">\n\t\t\t\t\t\t\t\t\t<p><strong>Mantenimiento de zonas verdes corporativas: <\/strong>cuidado de jardines y espacios exteriores de empresas.<\/p><p><strong>Dise\u00f1o de zonas verdes urbanas:<\/strong> creaci\u00f3n de parques, jardines comunitarios o \u00e1reas p\u00fablicas.<\/p><p><strong>Mejora de la calidad ambiental: <\/strong>plantaci\u00f3n de \u00e1rboles, cubiertas verdes y soluciones sostenibles.<\/p><p><strong>Paquetes personalizados: <\/strong>seg\u00fan el tama\u00f1o del espacio o las necesidades especiales de cada empresa.<\/p><p><strong>Servicio de respuesta r\u00e1pida:<\/strong> soporte continuado, con contratos de mantenimiento semanales, mensuales trimestrales o anuales.<\/p>\t\t\t\t\t\t\t\t<\/div>\n\t\t\t\t<\/div>\n\t\t\t\t\t<\/div>\n\t\t<\/div>\n\t\t\t\t\t<\/div>\n\t\t<\/section>\n\t\t\t\t<section class=\"elementor-section elementor-inner-section elementor-element elementor-element-8f411b5 elementor-section-full_width auto-container elementor-section-height-default elementor-section-height-default\" data-id=\"8f411b5\" data-element_type=\"section\" id=\"solucions-complementaries\">\n\t\t\t\t\t\t<div class=\"elementor-container elementor-column-gap-default\">\n\t\t\t\t\t<div class=\"elementor-column elementor-col-50 elementor-inner-column elementor-element elementor-element-5f5fed9\" data-id=\"5f5fed9\" data-element_type=\"column\">\n\t\t\t<div class=\"elementor-widget-wrap elementor-element-populated\">\n\t\t\t\t\t\t<div class=\"elementor-element elementor-element-5cab351 elementor-widget elementor-widget-image\" data-id=\"5cab351\" data-element_type=\"widget\" data-widget_type=\"image.default\">\n\t\t\t\t<div class=\"elementor-widget-container\">\n\t\t\t\t\t\t\t\t\t\t\t\t\t\t\t<img loading=\"lazy\" decoding=\"async\" width=\"525\" height=\"350\" src=\"https:\/\/sempreverd.net\/wp-content\/uploads\/2025\/10\/Iluminacion-de-jardin.webp\" class=\"attachment-large size-large wp-image-1405\" alt=\"\" srcset=\"https:\/\/sempreverd.net\/wp-content\/uploads\/2025\/10\/Iluminacion-de-jardin.webp 1000w, https:\/\/sempreverd.net\/wp-content\/uploads\/2025\/10\/Iluminacion-de-jardin-300x200.webp 300w, https:\/\/sempreverd.net\/wp-content\/uploads\/2025\/10\/Iluminacion-de-jardin-768x512.webp 768w, https:\/\/sempreverd.net\/wp-content\/uploads\/2025\/10\/Iluminacion-de-jardin-600x400.webp 600w\" sizes=\"(max-width: 525px) 100vw, 525px\" \/>\t\t\t\t\t\t\t\t\t\t\t\t\t\t\t<\/div>\n\t\t\t\t<\/div>\n\t\t\t\t\t<\/div>\n\t\t<\/div>\n\t\t\t\t<div class=\"elementor-column elementor-col-50 elementor-inner-column elementor-element elementor-element-aade084\" data-id=\"aade084\" data-element_type=\"column\">\n\t\t\t<div class=\"elementor-widget-wrap elementor-element-populated\">\n\t\t\t\t\t\t<div class=\"elementor-element elementor-element-520548a elementor-widget elementor-widget-gardencare_our_services_v4\" data-id=\"520548a\" data-element_type=\"widget\" data-widget_type=\"gardencare_our_services_v4.default\">\n\t\t\t\t<div class=\"elementor-widget-container\">\n\t\t\t\t\t\t\t\n        \n        <!--Start awesome service blog area-->\n    <section id=\"awesome-service-blog-area\">\n    \t<div class=\"auto-container\">\n        \t<div class=\"row\">\n            \t<div class=\"col-lg-12\">\n                \t                    <div class=\"section-title2\">\n            \t\t\t\t\t\t\t\t\t<h1><span>Instalaciones y soluciones complementarias<\/span><\/h1> \t\t\t\t\t<\/div>\n                                     <\/div>\n            <\/div>\n            <div class=\"awesome-service-blog-items\">\n            \t<div class=\"row\">\n                \t                    <!--Start awesome service blog single-->\n                \t<div class=\"col-lg-4 col-md-4 col-sm-6 col-xs-12\">\n                    \t<div class=\"awesome-service-blog-single\">\n                        \t                            <h5>Dise\u00f1o y creaci\u00f3n<\/h5>\n                            <p>Planificaci\u00f3n del jard\u00edn, instalaci\u00f3n de caminos, estructuras, zonas ajardinadas<\/p>\n                        <\/div>\n                    <\/div>\n                    <!--End awesome service blog single-->\n                                    <\/div>\n            <\/div>\n        <\/div>\n    <\/section>\n    <!--End awesome service blog area--> \n        \n     \n \n        \t\t\t\t<\/div>\n\t\t\t\t<\/div>\n\t\t\t\t<div class=\"elementor-element elementor-element-dd5657a elementor-widget elementor-widget-text-editor\" data-id=\"dd5657a\" data-element_type=\"widget\" data-widget_type=\"text-editor.default\">\n\t\t\t\t<div class=\"elementor-widget-container\">\n\t\t\t\t\t\t\t\t\t<p><strong>Iluminaci\u00f3n de jardines:<\/strong> instalaci\u00f3n de luces decorativas para mejorar la est\u00e9tica nocturna.<\/p><p><strong>Construcci\u00f3n de muros vegetales y cubiertas verdes:<\/strong> soluciones innovadoras y ecol\u00f3gicas.<\/p><p><strong>Decoraci\u00f3n con piedras, grava y madera:<\/strong> dise\u00f1os est\u00e9ticos y pr\u00e1cticos para jardines.<\/p><p><strong>Jardines Verticales: <\/strong>los jardines verticales son un valor a\u00f1adido que destaca por su capacidad de transformar espacios reducidos en zonas verdes atractivas y funcionales, tanto a nivel decorativo como ambiental.<\/p>\t\t\t\t\t\t\t\t<\/div>\n\t\t\t\t<\/div>\n\t\t\t\t\t<\/div>\n\t\t<\/div>\n\t\t\t\t\t<\/div>\n\t\t<\/section>\n\t\t\t\t\t<\/div>\n\t\t<\/div>\n\t\t\t\t\t<\/div>\n\t\t<\/section>\n\t\t\t\t<\/div>\n\t\t","protected":false},"excerpt":{"rendered":"<p>Somos tu equipo En Sempreverd trabajamos para crear y mantener espacios exteriores que se disfruten cada d\u00eda y que, al mismo tiempo, respeten el entorno que nos rodea. Cada jard\u00edn es diferente: el terreno, el clima, el uso que hacen las personas, la luz o incluso las emociones que quieren transmitir. Por eso, nuestros servicios [&hellip;]<\/p>\n","protected":false},"author":1,"featured_media":0,"parent":0,"menu_order":0,"comment_status":"closed","ping_status":"closed","template":"tpl-default-elementor.php","meta":{"footnotes":""},"class_list":["post-1408","page","type-page","status-publish","hentry"],"_links":{"self":[{"href":"https:\/\/sempreverd.net\/es\/wp-json\/wp\/v2\/pages\/1408","targetHints":{"allow":["GET"]}}],"collection":[{"href":"https:\/\/sempreverd.net\/es\/wp-json\/wp\/v2\/pages"}],"about":[{"href":"https:\/\/sempreverd.net\/es\/wp-json\/wp\/v2\/types\/page"}],"author":[{"embeddable":true,"href":"https:\/\/sempreverd.net\/es\/wp-json\/wp\/v2\/users\/1"}],"replies":[{"embeddable":true,"href":"https:\/\/sempreverd.net\/es\/wp-json\/wp\/v2\/comments?post=1408"}],"version-history":[{"count":6,"href":"https:\/\/sempreverd.net\/es\/wp-json\/wp\/v2\/pages\/1408\/revisions"}],"predecessor-version":[{"id":1458,"href":"https:\/\/sempreverd.net\/es\/wp-json\/wp\/v2\/pages\/1408\/revisions\/1458"}],"wp:attachment":[{"href":"https:\/\/sempreverd.net\/es\/wp-json\/wp\/v2\/media?parent=1408"}],"curies":[{"name":"wp","href":"https:\/\/api.w.org\/{rel}","templated":true}]}}