{"id":1471,"date":"2025-11-03T10:02:37","date_gmt":"2025-11-03T09:02:37","guid":{"rendered":"https:\/\/sempreverd.net\/accesibilidad\/"},"modified":"2025-12-03T11:05:02","modified_gmt":"2025-12-03T10:05:02","slug":"accesibilidad","status":"publish","type":"page","link":"https:\/\/sempreverd.net\/es\/accesibilidad\/","title":{"rendered":"Accesibilidad"},"content":{"rendered":"\n<h2 class=\"wp-block-heading\">ACCESIBILIDAD<\/h2>\n\n<p>Queremos que todos los que visiten la web de SempreVerd se sientan bienvenidos y encuentren la experiencia gratificante.<\/p>\n\n<p><strong>\u00bfQu\u00e9 estamos haciendo?<br\/><\/strong>Para ayudarnos a hacer de la web de SempreVerd un lugar positivo para todos, hemos estado utilizando las Pautas de Accesibilidad para el Contenido Web (WCAG) 2.1. Estas directrices explican c\u00f3mo hacer que el contenido web sea m\u00e1s accesible para personas con discapacidad y f\u00e1cil de utilizar para todos.<\/p>\n\n<p>Las directrices tienen tres niveles de accesibilidad (A, AA y AAA). Hemos elegido el nivel AA como objetivo para la web de SempreVerd.<\/p>\n\n<p><strong>\u00bfC\u00f3mo lo hacemos?<br\/><\/strong>Hemos trabajado mucho en la web de SempreVerd y creemos que hemos logrado nuestro objetivo de accesibilidad de nivel AA. Supervisamos el sitio web peri\u00f3dicamente para mantenerlo, pero si encuentra alg\u00fan problema, p\u00f3ngase en contacto con nosotros.<\/p>\n\n<p><strong>H\u00e1ganos saber qu\u00e9 le parece<br\/><\/strong>Si le ha gustado utilizar la web de SempreVerd, o si ha tenido problemas con alguna parte de ella, p\u00f3ngase en contacto con nosotros. Nos gustar\u00eda recibir noticias suyas de cualquiera de las siguientes formas:<\/p>\n\n<p>Env\u00edenos un correo electr\u00f3nico a <a href=\"mailto:info@sempreverd.net\">admin@sempreverd.net<\/a><br\/>Ll\u00e1menos al <a href=\"tel:660%2021%2061%2032\">660 21 61 32<\/a><br\/>P\u00f3ngase en contacto en <a href=\"https:\/\/sempreverd.net\/es\/contacto\/\">https:\/\/sempreverd.net\/contacte<\/a><\/p>\n\n<p><\/p>\n","protected":false},"excerpt":{"rendered":"<p>ACCESIBILIDAD Queremos que todos los que visiten la web de SempreVerd se sientan bienvenidos y encuentren la experiencia gratificante. \u00bfQu\u00e9 estamos haciendo?Para ayudarnos a hacer de la web de SempreVerd un lugar positivo para todos, hemos estado utilizando las Pautas de Accesibilidad para el Contenido Web (WCAG) 2.1. Estas directrices explican c\u00f3mo hacer que el [&hellip;]<\/p>\n","protected":false},"author":1,"featured_media":0,"parent":0,"menu_order":0,"comment_status":"closed","ping_status":"closed","template":"","meta":{"footnotes":""},"class_list":["post-1471","page","type-page","status-publish","hentry"],"_links":{"self":[{"href":"https:\/\/sempreverd.net\/es\/wp-json\/wp\/v2\/pages\/1471","targetHints":{"allow":["GET"]}}],"collection":[{"href":"https:\/\/sempreverd.net\/es\/wp-json\/wp\/v2\/pages"}],"about":[{"href":"https:\/\/sempreverd.net\/es\/wp-json\/wp\/v2\/types\/page"}],"author":[{"embeddable":true,"href":"https:\/\/sempreverd.net\/es\/wp-json\/wp\/v2\/users\/1"}],"replies":[{"embeddable":true,"href":"https:\/\/sempreverd.net\/es\/wp-json\/wp\/v2\/comments?post=1471"}],"version-history":[{"count":1,"href":"https:\/\/sempreverd.net\/es\/wp-json\/wp\/v2\/pages\/1471\/revisions"}],"predecessor-version":[{"id":1472,"href":"https:\/\/sempreverd.net\/es\/wp-json\/wp\/v2\/pages\/1471\/revisions\/1472"}],"wp:attachment":[{"href":"https:\/\/sempreverd.net\/es\/wp-json\/wp\/v2\/media?parent=1471"}],"curies":[{"name":"wp","href":"https:\/\/api.w.org\/{rel}","templated":true}]}}